{"id":3473,"date":"2025-06-30T20:49:57","date_gmt":"2025-06-30T20:49:57","guid":{"rendered":"https:\/\/cafarcol.com.co\/?post_type=product&#038;p=3473"},"modified":"2025-06-30T20:50:13","modified_gmt":"2025-06-30T20:50:13","slug":"gotero-pera-cafe-claro-pipeta-plastica-2","status":"publish","type":"product","link":"https:\/\/cafarcol.com.co\/es_co\/producto\/gotero-pera-cafe-claro-pipeta-plastica-2\/","title":{"rendered":"Gotero pera caf\u00e9 claro pipeta pl\u00e1stica"},"content":{"rendered":"<p>Gotero pera caf\u00e9 claro pipeta pl\u00e1stica<\/p>\n","protected":false},"excerpt":{"rendered":"<p>Gotero pera caf\u00e9 claro pipeta pl\u00e1stica<\/p>\n","protected":false},"featured_media":3474,"comment_status":"closed","ping_status":"closed","template":"","meta":[],"product_brand":[],"product_cat":[171,110],"product_tag":[],"class_list":{"0":"post-3473","1":"product","2":"type-product","3":"status-publish","4":"has-post-thumbnail","6":"product_cat-goteros-soluciones-cosmeticos","7":"product_cat-soluciones-cosmeticas","9":"first","10":"instock","11":"shipping-taxable","12":"product-type-simple"},"aioseo_notices":[],"_links":{"self":[{"href":"https:\/\/cafarcol.com.co\/es_co\/wp-json\/wp\/v2\/product\/3473","targetHints":{"allow":["GET"]}}],"collection":[{"href":"https:\/\/cafarcol.com.co\/es_co\/wp-json\/wp\/v2\/product"}],"about":[{"href":"https:\/\/cafarcol.com.co\/es_co\/wp-json\/wp\/v2\/types\/product"}],"replies":[{"embeddable":true,"href":"https:\/\/cafarcol.com.co\/es_co\/wp-json\/wp\/v2\/comments?post=3473"}],"version-history":[{"count":1,"href":"https:\/\/cafarcol.com.co\/es_co\/wp-json\/wp\/v2\/product\/3473\/revisions"}],"predecessor-version":[{"id":3475,"href":"https:\/\/cafarcol.com.co\/es_co\/wp-json\/wp\/v2\/product\/3473\/revisions\/3475"}],"wp:featuredmedia":[{"embeddable":true,"href":"https:\/\/cafarcol.com.co\/es_co\/wp-json\/wp\/v2\/media\/3474"}],"wp:attachment":[{"href":"https:\/\/cafarcol.com.co\/es_co\/wp-json\/wp\/v2\/media?parent=3473"}],"wp:term":[{"taxonomy":"product_brand","embeddable":true,"href":"https:\/\/cafarcol.com.co\/es_co\/wp-json\/wp\/v2\/product_brand?post=3473"},{"taxonomy":"product_cat","embeddable":true,"href":"https:\/\/cafarcol.com.co\/es_co\/wp-json\/wp\/v2\/product_cat?post=3473"},{"taxonomy":"product_tag","embeddable":true,"href":"https:\/\/cafarcol.com.co\/es_co\/wp-json\/wp\/v2\/product_tag?post=3473"}],"curies":[{"name":"wp","href":"https:\/\/api.w.org\/{rel}","templated":true}]}}