{"id":3203,"date":"2025-06-30T03:10:56","date_gmt":"2025-06-30T03:10:56","guid":{"rendered":"https:\/\/cafarcol.com.co\/?post_type=product&#038;p=3203"},"modified":"2025-06-30T03:10:56","modified_gmt":"2025-06-30T03:10:56","slug":"gotero-tapa-plastica-blanca-pera-roja-pipeta-plastica","status":"publish","type":"product","link":"https:\/\/cafarcol.com.co\/es_co\/producto\/gotero-tapa-plastica-blanca-pera-roja-pipeta-plastica\/","title":{"rendered":"Gotero tapa pl\u00e1stica blanca pera roja pipeta pl\u00e1stica"},"content":{"rendered":"<p>Gotero tapa pl\u00e1stica blanca pera roja pipeta pl\u00e1stica<\/p>\n","protected":false},"excerpt":{"rendered":"<p>Gotero tapa pl\u00e1stica blanca pera roja pipeta pl\u00e1stica<\/p>\n","protected":false},"featured_media":3204,"comment_status":"closed","ping_status":"closed","template":"","meta":[],"product_brand":[],"product_cat":[159,25],"product_tag":[],"class_list":{"0":"post-3203","1":"product","2":"type-product","3":"status-publish","4":"has-post-thumbnail","6":"product_cat-goteros","7":"product_cat-soluciones-farmaceuticas","9":"first","10":"instock","11":"shipping-taxable","12":"product-type-simple"},"aioseo_notices":[],"_links":{"self":[{"href":"https:\/\/cafarcol.com.co\/es_co\/wp-json\/wp\/v2\/product\/3203","targetHints":{"allow":["GET"]}}],"collection":[{"href":"https:\/\/cafarcol.com.co\/es_co\/wp-json\/wp\/v2\/product"}],"about":[{"href":"https:\/\/cafarcol.com.co\/es_co\/wp-json\/wp\/v2\/types\/product"}],"replies":[{"embeddable":true,"href":"https:\/\/cafarcol.com.co\/es_co\/wp-json\/wp\/v2\/comments?post=3203"}],"version-history":[{"count":1,"href":"https:\/\/cafarcol.com.co\/es_co\/wp-json\/wp\/v2\/product\/3203\/revisions"}],"predecessor-version":[{"id":3205,"href":"https:\/\/cafarcol.com.co\/es_co\/wp-json\/wp\/v2\/product\/3203\/revisions\/3205"}],"wp:featuredmedia":[{"embeddable":true,"href":"https:\/\/cafarcol.com.co\/es_co\/wp-json\/wp\/v2\/media\/3204"}],"wp:attachment":[{"href":"https:\/\/cafarcol.com.co\/es_co\/wp-json\/wp\/v2\/media?parent=3203"}],"wp:term":[{"taxonomy":"product_brand","embeddable":true,"href":"https:\/\/cafarcol.com.co\/es_co\/wp-json\/wp\/v2\/product_brand?post=3203"},{"taxonomy":"product_cat","embeddable":true,"href":"https:\/\/cafarcol.com.co\/es_co\/wp-json\/wp\/v2\/product_cat?post=3203"},{"taxonomy":"product_tag","embeddable":true,"href":"https:\/\/cafarcol.com.co\/es_co\/wp-json\/wp\/v2\/product_tag?post=3203"}],"curies":[{"name":"wp","href":"https:\/\/api.w.org\/{rel}","templated":true}]}}