{"id":18,"date":"2023-10-07T22:11:16","date_gmt":"2023-10-07T22:11:16","guid":{"rendered":"https:\/\/cafarcol.com.co\/?page_id=18"},"modified":"2025-09-15T18:10:02","modified_gmt":"2025-09-15T18:10:02","slug":"certificaciones","status":"publish","type":"page","link":"https:\/\/cafarcol.com.co\/es_co\/certificaciones\/","title":{"rendered":"Certificaciones"},"content":{"rendered":"\t\t<div data-elementor-type=\"wp-page\" data-elementor-id=\"18\" class=\"elementor elementor-18\" data-elementor-post-type=\"page\">\n\t\t\t\t\t\t<section class=\"elementor-section elementor-top-section elementor-element elementor-element-9e8e7af elementor-section-full_width elementor-section-height-min-height elementor-section-height-default elementor-section-items-middle\" data-id=\"9e8e7af\" data-element_type=\"section\" data-e-type=\"section\">\n\t\t\t\t\t\t<div class=\"elementor-container elementor-column-gap-no\">\n\t\t\t\t\t<div class=\"elementor-column elementor-col-100 elementor-top-column elementor-element elementor-element-e2f7d2f\" data-id=\"e2f7d2f\" data-element_type=\"column\" data-e-type=\"column\">\n\t\t\t<div class=\"elementor-widget-wrap elementor-element-populated\">\n\t\t\t\t\t\t<div class=\"elementor-element elementor-element-683367a animated-slow elementor-widget-mobile__width-initial elementor-invisible elementor-widget elementor-widget-heading\" data-id=\"683367a\" data-element_type=\"widget\" data-e-type=\"widget\" data-settings=\"{&quot;_animation&quot;:&quot;fadeInLeft&quot;}\" data-widget_type=\"heading.default\">\n\t\t\t\t<div class=\"elementor-widget-container\">\n\t\t\t\t\t<h2 class=\"elementor-heading-title elementor-size-default\">Premio Colombiano a la Calidad para la Exportaci\u00f3n - categor\u00eda Mediana Empresa<\/h2>\t\t\t\t<\/div>\n\t\t\t\t<\/div>\n\t\t\t\t<div class=\"elementor-element elementor-element-7a8a9c9 animated-slow elementor-widget-mobile__width-initial elementor-invisible elementor-widget elementor-widget-image\" data-id=\"7a8a9c9\" data-element_type=\"widget\" data-e-type=\"widget\" data-settings=\"{&quot;_animation&quot;:&quot;fadeIn&quot;}\" data-widget_type=\"image.default\">\n\t\t\t\t<div class=\"elementor-widget-container\">\n\t\t\t\t\t\t\t\t\t\t\t\t\t\t\t<img fetchpriority=\"high\" decoding=\"async\" width=\"800\" height=\"534\" src=\"https:\/\/cafarcol.com.co\/wp-content\/uploads\/2023\/10\/Julian-presi.jpg\" class=\"attachment-large size-large wp-image-181\" alt=\"\" srcset=\"https:\/\/cafarcol.com.co\/wp-content\/uploads\/2023\/10\/Julian-presi.jpg 1024w, https:\/\/cafarcol.com.co\/wp-content\/uploads\/2023\/10\/Julian-presi-300x200.jpg 300w, https:\/\/cafarcol.com.co\/wp-content\/uploads\/2023\/10\/Julian-presi-768x512.jpg 768w\" sizes=\"(max-width: 800px) 100vw, 800px\" \/>\t\t\t\t\t\t\t\t\t\t\t\t\t\t\t<\/div>\n\t\t\t\t<\/div>\n\t\t\t\t<div class=\"elementor-element elementor-element-e3ad7c6 elementor-widget elementor-widget-spacer\" data-id=\"e3ad7c6\" data-element_type=\"widget\" data-e-type=\"widget\" data-widget_type=\"spacer.default\">\n\t\t\t\t<div class=\"elementor-widget-container\">\n\t\t\t\t\t\t\t<div class=\"elementor-spacer\">\n\t\t\t<div class=\"elementor-spacer-inner\"><\/div>\n\t\t<\/div>\n\t\t\t\t\t\t<\/div>\n\t\t\t\t<\/div>\n\t\t\t\t<div class=\"elementor-element elementor-element-32fd08e animated-slow elementor-invisible elementor-widget elementor-widget-text-editor\" data-id=\"32fd08e\" data-element_type=\"widget\" data-e-type=\"widget\" data-settings=\"{&quot;_animation&quot;:&quot;fadeIn&quot;,&quot;_animation_delay&quot;:5}\" data-widget_type=\"text-editor.default\">\n\t\t\t\t<div class=\"elementor-widget-container\">\n\t\t\t\t\t\t\t\t\t<p>Con nuestro compromiso incansable hacia la calidad y la innovaci\u00f3n, nos enorgullecemos de haber sido galardonados con el Premio Colombiano a la Calidad para la Exportaci\u00f3n en la categor\u00eda de Mediana Empresa en 2021.\u00a0<\/p><p>Este reconocimiento, otorgado por la Presidencia de la Rep\u00fablica, refleja nuestro firme compromiso con la excelencia y nos motiva a seguir liderando en la industria, elevando constantemente nuestros est\u00e1ndares y llevando nuestra calidad e innovaci\u00f3n a nivel internacional.<\/p>\t\t\t\t\t\t\t\t<\/div>\n\t\t\t\t<\/div>\n\t\t\t\t\t<\/div>\n\t\t<\/div>\n\t\t\t\t\t<\/div>\n\t\t<\/section>\n\t\t\t\t<section class=\"elementor-section elementor-top-section elementor-element elementor-element-d4999a5 elementor-section-boxed elementor-section-height-default elementor-section-height-default\" data-id=\"d4999a5\" data-element_type=\"section\" data-e-type=\"section\">\n\t\t\t\t\t\t<div class=\"elementor-container elementor-column-gap-default\">\n\t\t\t\t\t<div class=\"elementor-column elementor-col-100 elementor-top-column elementor-element elementor-element-7296b9f\" data-id=\"7296b9f\" data-element_type=\"column\" data-e-type=\"column\">\n\t\t\t<div class=\"elementor-widget-wrap elementor-element-populated\">\n\t\t\t\t\t\t<div class=\"elementor-element elementor-element-feb7524 elementor-widget elementor-widget-spacer\" data-id=\"feb7524\" data-element_type=\"widget\" data-e-type=\"widget\" data-widget_type=\"spacer.default\">\n\t\t\t\t<div class=\"elementor-widget-container\">\n\t\t\t\t\t\t\t<div class=\"elementor-spacer\">\n\t\t\t<div class=\"elementor-spacer-inner\"><\/div>\n\t\t<\/div>\n\t\t\t\t\t\t<\/div>\n\t\t\t\t<\/div>\n\t\t\t\t\t<\/div>\n\t\t<\/div>\n\t\t\t\t\t<\/div>\n\t\t<\/section>\n\t\t\t\t<section class=\"elementor-section elementor-top-section elementor-element elementor-element-3a23f89 animated-slow elementor-section-boxed elementor-section-height-default elementor-section-height-default elementor-invisible\" data-id=\"3a23f89\" data-element_type=\"section\" data-e-type=\"section\" data-settings=\"{&quot;animation&quot;:&quot;fadeIn&quot;,&quot;animation_delay&quot;:10}\">\n\t\t\t\t\t\t<div class=\"elementor-container elementor-column-gap-default\">\n\t\t\t\t\t<div class=\"elementor-column elementor-col-100 elementor-top-column elementor-element elementor-element-0765e70\" data-id=\"0765e70\" data-element_type=\"column\" data-e-type=\"column\">\n\t\t\t<div class=\"elementor-widget-wrap elementor-element-populated\">\n\t\t\t\t\t\t<div class=\"elementor-element elementor-element-e252561 elementor-widget elementor-widget-heading\" data-id=\"e252561\" data-element_type=\"widget\" data-e-type=\"widget\" data-widget_type=\"heading.default\">\n\t\t\t\t<div class=\"elementor-widget-container\">\n\t\t\t\t\t<h2 class=\"elementor-heading-title elementor-size-default\">Certificaciones<\/h2>\t\t\t\t<\/div>\n\t\t\t\t<\/div>\n\t\t\t\t\t<\/div>\n\t\t<\/div>\n\t\t\t\t\t<\/div>\n\t\t<\/section>\n\t\t\t\t<section class=\"elementor-section elementor-top-section elementor-element elementor-element-563b174 elementor-section-boxed elementor-section-height-default elementor-section-height-default\" data-id=\"563b174\" data-element_type=\"section\" data-e-type=\"section\">\n\t\t\t\t\t\t<div class=\"elementor-container elementor-column-gap-default\">\n\t\t\t\t\t<div class=\"elementor-column elementor-col-33 elementor-top-column elementor-element elementor-element-72c41d7\" data-id=\"72c41d7\" data-element_type=\"column\" data-e-type=\"column\">\n\t\t\t<div class=\"elementor-widget-wrap elementor-element-populated\">\n\t\t\t\t\t\t<div class=\"elementor-element elementor-element-fd77671 elementor-widget elementor-widget-image\" data-id=\"fd77671\" data-element_type=\"widget\" data-e-type=\"widget\" data-widget_type=\"image.default\">\n\t\t\t\t<div class=\"elementor-widget-container\">\n\t\t\t\t\t\t\t\t\t\t\t\t\t\t\t<img decoding=\"async\" width=\"800\" height=\"373\" src=\"https:\/\/cafarcol.com.co\/wp-content\/uploads\/2025\/07\/ISO-9001-2015-1024x477.png\" class=\"attachment-large size-large wp-image-4456\" alt=\"\" srcset=\"https:\/\/cafarcol.com.co\/wp-content\/uploads\/2025\/07\/ISO-9001-2015-1024x477.png 1024w, https:\/\/cafarcol.com.co\/wp-content\/uploads\/2025\/07\/ISO-9001-2015-300x140.png 300w, https:\/\/cafarcol.com.co\/wp-content\/uploads\/2025\/07\/ISO-9001-2015-768x358.png 768w, https:\/\/cafarcol.com.co\/wp-content\/uploads\/2025\/07\/ISO-9001-2015-18x8.png 18w, https:\/\/cafarcol.com.co\/wp-content\/uploads\/2025\/07\/ISO-9001-2015-600x280.png 600w, https:\/\/cafarcol.com.co\/wp-content\/uploads\/2025\/07\/ISO-9001-2015.png 1200w\" sizes=\"(max-width: 800px) 100vw, 800px\" \/>\t\t\t\t\t\t\t\t\t\t\t\t\t\t\t<\/div>\n\t\t\t\t<\/div>\n\t\t\t\t\t<\/div>\n\t\t<\/div>\n\t\t\t\t<div class=\"elementor-column elementor-col-33 elementor-top-column elementor-element elementor-element-04cd973\" data-id=\"04cd973\" data-element_type=\"column\" data-e-type=\"column\">\n\t\t\t<div class=\"elementor-widget-wrap elementor-element-populated\">\n\t\t\t\t\t\t<div class=\"elementor-element elementor-element-9834cbc elementor-widget elementor-widget-image\" data-id=\"9834cbc\" data-element_type=\"widget\" data-e-type=\"widget\" data-widget_type=\"image.default\">\n\t\t\t\t<div class=\"elementor-widget-container\">\n\t\t\t\t\t\t\t\t\t\t\t\t\t\t\t<img decoding=\"async\" width=\"300\" height=\"273\" src=\"https:\/\/cafarcol.com.co\/wp-content\/uploads\/2025\/09\/15378.png\" class=\"attachment-woocommerce_thumbnail size-woocommerce_thumbnail wp-image-5120\" alt=\"\" srcset=\"https:\/\/cafarcol.com.co\/wp-content\/uploads\/2025\/09\/15378.png 300w, https:\/\/cafarcol.com.co\/wp-content\/uploads\/2025\/09\/15378-13x12.png 13w\" sizes=\"(max-width: 300px) 100vw, 300px\" \/>\t\t\t\t\t\t\t\t\t\t\t\t\t\t\t<\/div>\n\t\t\t\t<\/div>\n\t\t\t\t\t<\/div>\n\t\t<\/div>\n\t\t\t\t<div class=\"elementor-column elementor-col-33 elementor-top-column elementor-element elementor-element-5646944\" data-id=\"5646944\" data-element_type=\"column\" data-e-type=\"column\">\n\t\t\t<div class=\"elementor-widget-wrap\">\n\t\t\t\t\t\t\t<\/div>\n\t\t<\/div>\n\t\t\t\t\t<\/div>\n\t\t<\/section>\n\t\t\t\t<section class=\"elementor-section elementor-top-section elementor-element elementor-element-d5bf7d8 elementor-section-boxed elementor-section-height-default elementor-section-height-default\" data-id=\"d5bf7d8\" data-element_type=\"section\" data-e-type=\"section\">\n\t\t\t\t\t\t<div class=\"elementor-container elementor-column-gap-default\">\n\t\t\t\t\t<div class=\"elementor-column elementor-col-100 elementor-top-column elementor-element elementor-element-b0951ae\" data-id=\"b0951ae\" data-element_type=\"column\" data-e-type=\"column\">\n\t\t\t<div class=\"elementor-widget-wrap elementor-element-populated\">\n\t\t\t\t\t\t<div class=\"elementor-element elementor-element-3423bd0 elementor-widget elementor-widget-spacer\" data-id=\"3423bd0\" data-element_type=\"widget\" data-e-type=\"widget\" data-widget_type=\"spacer.default\">\n\t\t\t\t<div class=\"elementor-widget-container\">\n\t\t\t\t\t\t\t<div class=\"elementor-spacer\">\n\t\t\t<div class=\"elementor-spacer-inner\"><\/div>\n\t\t<\/div>\n\t\t\t\t\t\t<\/div>\n\t\t\t\t<\/div>\n\t\t\t\t\t<\/div>\n\t\t<\/div>\n\t\t\t\t\t<\/div>\n\t\t<\/section>\n\t\t\t\t<section class=\"elementor-section elementor-top-section elementor-element elementor-element-1ebf97c elementor-section-boxed elementor-section-height-default elementor-section-height-default\" data-id=\"1ebf97c\" data-element_type=\"section\" data-e-type=\"section\">\n\t\t\t\t\t\t<div class=\"elementor-container elementor-column-gap-default\">\n\t\t\t\t\t<div class=\"elementor-column elementor-col-100 elementor-top-column elementor-element elementor-element-2cfa71a\" data-id=\"2cfa71a\" data-element_type=\"column\" data-e-type=\"column\">\n\t\t\t<div class=\"elementor-widget-wrap elementor-element-populated\">\n\t\t\t\t\t\t<div class=\"elementor-element elementor-element-cc80744 elementor-widget elementor-widget-heading\" data-id=\"cc80744\" data-element_type=\"widget\" data-e-type=\"widget\" data-widget_type=\"heading.default\">\n\t\t\t\t<div class=\"elementor-widget-container\">\n\t\t\t\t\t<h2 class=\"elementor-heading-title elementor-size-default\">Premios y Reconocimientos<\/h2>\t\t\t\t<\/div>\n\t\t\t\t<\/div>\n\t\t\t\t\t<\/div>\n\t\t<\/div>\n\t\t\t\t\t<\/div>\n\t\t<\/section>\n\t\t\t\t<section class=\"elementor-section elementor-top-section elementor-element elementor-element-dc32245 elementor-section-boxed elementor-section-height-default elementor-section-height-default\" data-id=\"dc32245\" data-element_type=\"section\" data-e-type=\"section\">\n\t\t\t\t\t\t<div class=\"elementor-container elementor-column-gap-default\">\n\t\t\t\t\t<div class=\"elementor-column elementor-col-33 elementor-top-column elementor-element elementor-element-e47410b\" data-id=\"e47410b\" data-element_type=\"column\" data-e-type=\"column\">\n\t\t\t<div class=\"elementor-widget-wrap elementor-element-populated\">\n\t\t\t\t\t\t<div class=\"elementor-element elementor-element-e095180 elementor-widget elementor-widget-image\" data-id=\"e095180\" data-element_type=\"widget\" data-e-type=\"widget\" data-widget_type=\"image.default\">\n\t\t\t\t<div class=\"elementor-widget-container\">\n\t\t\t\t\t\t\t\t\t\t\t\t\t\t\t<img loading=\"lazy\" decoding=\"async\" width=\"1080\" height=\"551\" src=\"https:\/\/cafarcol.com.co\/wp-content\/uploads\/2023\/10\/STOCK-PAGINA-WEB-CFC-13-e1720802400238.png\" class=\"attachment-full size-full wp-image-413\" alt=\"\" srcset=\"https:\/\/cafarcol.com.co\/wp-content\/uploads\/2023\/10\/STOCK-PAGINA-WEB-CFC-13-e1720802400238.png 1080w, https:\/\/cafarcol.com.co\/wp-content\/uploads\/2023\/10\/STOCK-PAGINA-WEB-CFC-13-e1720802400238-300x153.png 300w, https:\/\/cafarcol.com.co\/wp-content\/uploads\/2023\/10\/STOCK-PAGINA-WEB-CFC-13-e1720802400238-1024x522.png 1024w, https:\/\/cafarcol.com.co\/wp-content\/uploads\/2023\/10\/STOCK-PAGINA-WEB-CFC-13-e1720802400238-768x392.png 768w, https:\/\/cafarcol.com.co\/wp-content\/uploads\/2023\/10\/STOCK-PAGINA-WEB-CFC-13-e1720802400238-600x306.png 600w\" sizes=\"(max-width: 1080px) 100vw, 1080px\" \/>\t\t\t\t\t\t\t\t\t\t\t\t\t\t\t<\/div>\n\t\t\t\t<\/div>\n\t\t\t\t\t<\/div>\n\t\t<\/div>\n\t\t\t\t<div class=\"elementor-column elementor-col-33 elementor-top-column elementor-element elementor-element-9a9ccae\" data-id=\"9a9ccae\" data-element_type=\"column\" data-e-type=\"column\">\n\t\t\t<div class=\"elementor-widget-wrap elementor-element-populated\">\n\t\t\t\t\t\t<div class=\"elementor-element elementor-element-2fc33d9 elementor-widget elementor-widget-image\" data-id=\"2fc33d9\" data-element_type=\"widget\" data-e-type=\"widget\" data-widget_type=\"image.default\">\n\t\t\t\t<div class=\"elementor-widget-container\">\n\t\t\t\t\t\t\t\t\t\t\t\t\t\t\t<img loading=\"lazy\" decoding=\"async\" width=\"1345\" height=\"1032\" src=\"https:\/\/cafarcol.com.co\/wp-content\/uploads\/2024\/07\/logo-premios-portafolio.png\" class=\"attachment-full size-full wp-image-2707\" alt=\"\" srcset=\"https:\/\/cafarcol.com.co\/wp-content\/uploads\/2024\/07\/logo-premios-portafolio.png 1345w, https:\/\/cafarcol.com.co\/wp-content\/uploads\/2024\/07\/logo-premios-portafolio-600x460.png 600w, https:\/\/cafarcol.com.co\/wp-content\/uploads\/2024\/07\/logo-premios-portafolio-300x230.png 300w, https:\/\/cafarcol.com.co\/wp-content\/uploads\/2024\/07\/logo-premios-portafolio-1024x786.png 1024w, https:\/\/cafarcol.com.co\/wp-content\/uploads\/2024\/07\/logo-premios-portafolio-768x589.png 768w\" sizes=\"(max-width: 1345px) 100vw, 1345px\" \/>\t\t\t\t\t\t\t\t\t\t\t\t\t\t\t<\/div>\n\t\t\t\t<\/div>\n\t\t\t\t\t<\/div>\n\t\t<\/div>\n\t\t\t\t<div class=\"elementor-column elementor-col-33 elementor-top-column elementor-element elementor-element-501e8c3\" data-id=\"501e8c3\" data-element_type=\"column\" data-e-type=\"column\">\n\t\t\t<div class=\"elementor-widget-wrap elementor-element-populated\">\n\t\t\t\t\t\t<div class=\"elementor-element elementor-element-0538fa6 elementor-widget elementor-widget-image\" data-id=\"0538fa6\" data-element_type=\"widget\" data-e-type=\"widget\" data-widget_type=\"image.default\">\n\t\t\t\t<div class=\"elementor-widget-container\">\n\t\t\t\t\t\t\t\t\t\t\t\t\t\t\t<img loading=\"lazy\" decoding=\"async\" width=\"1591\" height=\"1595\" src=\"https:\/\/cafarcol.com.co\/wp-content\/uploads\/2024\/07\/IMG_9190-scaled-e1720801916132.jpg\" class=\"attachment-full size-full wp-image-2708\" alt=\"Reconocimiento proveedores TQ\" srcset=\"https:\/\/cafarcol.com.co\/wp-content\/uploads\/2024\/07\/IMG_9190-scaled-e1720801916132.jpg 1591w, https:\/\/cafarcol.com.co\/wp-content\/uploads\/2024\/07\/IMG_9190-scaled-e1720801916132-300x300.jpg 300w, https:\/\/cafarcol.com.co\/wp-content\/uploads\/2024\/07\/IMG_9190-scaled-e1720801916132-100x100.jpg 100w, https:\/\/cafarcol.com.co\/wp-content\/uploads\/2024\/07\/IMG_9190-scaled-e1720801916132-600x602.jpg 600w, https:\/\/cafarcol.com.co\/wp-content\/uploads\/2024\/07\/IMG_9190-scaled-e1720801916132-1021x1024.jpg 1021w, https:\/\/cafarcol.com.co\/wp-content\/uploads\/2024\/07\/IMG_9190-scaled-e1720801916132-150x150.jpg 150w, https:\/\/cafarcol.com.co\/wp-content\/uploads\/2024\/07\/IMG_9190-scaled-e1720801916132-768x770.jpg 768w, https:\/\/cafarcol.com.co\/wp-content\/uploads\/2024\/07\/IMG_9190-scaled-e1720801916132-1532x1536.jpg 1532w\" sizes=\"(max-width: 1591px) 100vw, 1591px\" \/>\t\t\t\t\t\t\t\t\t\t\t\t\t\t\t<\/div>\n\t\t\t\t<\/div>\n\t\t\t\t\t<\/div>\n\t\t<\/div>\n\t\t\t\t\t<\/div>\n\t\t<\/section>\n\t\t\t\t<section class=\"elementor-section elementor-top-section elementor-element elementor-element-5a9b26f elementor-section-boxed elementor-section-height-default elementor-section-height-default\" data-id=\"5a9b26f\" data-element_type=\"section\" data-e-type=\"section\">\n\t\t\t\t\t\t<div class=\"elementor-container elementor-column-gap-default\">\n\t\t\t\t\t<div class=\"elementor-column elementor-col-100 elementor-top-column elementor-element elementor-element-d509e18\" data-id=\"d509e18\" data-element_type=\"column\" data-e-type=\"column\">\n\t\t\t<div class=\"elementor-widget-wrap\">\n\t\t\t\t\t\t\t<\/div>\n\t\t<\/div>\n\t\t\t\t\t<\/div>\n\t\t<\/section>\n\t\t\t\t<section class=\"elementor-section elementor-top-section elementor-element elementor-element-fb6862c elementor-section-boxed elementor-section-height-default elementor-section-height-default\" data-id=\"fb6862c\" data-element_type=\"section\" data-e-type=\"section\">\n\t\t\t\t\t\t<div class=\"elementor-container elementor-column-gap-default\">\n\t\t\t\t\t<div class=\"elementor-column elementor-col-100 elementor-top-column elementor-element elementor-element-e6a7db1\" data-id=\"e6a7db1\" data-element_type=\"column\" data-e-type=\"column\">\n\t\t\t<div class=\"elementor-widget-wrap elementor-element-populated\">\n\t\t\t\t\t\t<div class=\"elementor-element elementor-element-a917fc1 elementor-widget elementor-widget-spacer\" data-id=\"a917fc1\" data-element_type=\"widget\" data-e-type=\"widget\" data-widget_type=\"spacer.default\">\n\t\t\t\t<div class=\"elementor-widget-container\">\n\t\t\t\t\t\t\t<div class=\"elementor-spacer\">\n\t\t\t<div class=\"elementor-spacer-inner\"><\/div>\n\t\t<\/div>\n\t\t\t\t\t\t<\/div>\n\t\t\t\t<\/div>\n\t\t\t\t\t<\/div>\n\t\t<\/div>\n\t\t\t\t\t<\/div>\n\t\t<\/section>\n\t\t\t\t<\/div>\n\t\t","protected":false},"excerpt":{"rendered":"<p>Premio Colombiano a la Calidad para la Exportaci\u00f3n &#8211; categor\u00eda Mediana Empresa Con nuestro compromiso incansable hacia la calidad y la innovaci\u00f3n, nos enorgullecemos de haber sido galardonados con el Premio Colombiano a la Calidad para la Exportaci\u00f3n en la categor\u00eda de Mediana Empresa en 2021.\u00a0 Este reconocimiento, otorgado por la Presidencia de la Rep\u00fablica, [&hellip;]<\/p>\n","protected":false},"author":1,"featured_media":0,"parent":0,"menu_order":0,"comment_status":"closed","ping_status":"closed","template":"","meta":{"footnotes":""},"class_list":["post-18","page","type-page","status-publish","hentry"],"aioseo_notices":[],"_links":{"self":[{"href":"https:\/\/cafarcol.com.co\/es_co\/wp-json\/wp\/v2\/pages\/18","targetHints":{"allow":["GET"]}}],"collection":[{"href":"https:\/\/cafarcol.com.co\/es_co\/wp-json\/wp\/v2\/pages"}],"about":[{"href":"https:\/\/cafarcol.com.co\/es_co\/wp-json\/wp\/v2\/types\/page"}],"author":[{"embeddable":true,"href":"https:\/\/cafarcol.com.co\/es_co\/wp-json\/wp\/v2\/users\/1"}],"replies":[{"embeddable":true,"href":"https:\/\/cafarcol.com.co\/es_co\/wp-json\/wp\/v2\/comments?post=18"}],"version-history":[{"count":148,"href":"https:\/\/cafarcol.com.co\/es_co\/wp-json\/wp\/v2\/pages\/18\/revisions"}],"predecessor-version":[{"id":5124,"href":"https:\/\/cafarcol.com.co\/es_co\/wp-json\/wp\/v2\/pages\/18\/revisions\/5124"}],"wp:attachment":[{"href":"https:\/\/cafarcol.com.co\/es_co\/wp-json\/wp\/v2\/media?parent=18"}],"curies":[{"name":"wp","href":"https:\/\/api.w.org\/{rel}","templated":true}]}}