{"id":16,"date":"2023-10-07T22:11:04","date_gmt":"2023-10-07T22:11:04","guid":{"rendered":"https:\/\/cafarcol.com.co\/?page_id=16"},"modified":"2025-08-04T21:06:11","modified_gmt":"2025-08-04T21:06:11","slug":"la-empresa","status":"publish","type":"page","link":"https:\/\/cafarcol.com.co\/es_co\/la-empresa\/","title":{"rendered":"La empresa"},"content":{"rendered":"\t\t<div data-elementor-type=\"wp-page\" data-elementor-id=\"16\" class=\"elementor elementor-16\" data-elementor-post-type=\"page\">\n\t\t\t\t\t\t<section class=\"elementor-section elementor-top-section elementor-element elementor-element-36b789c elementor-section-full_width elementor-section-height-min-height elementor-section-height-default elementor-section-items-middle\" data-id=\"36b789c\" data-element_type=\"section\" data-e-type=\"section\">\n\t\t\t\t\t\t<div class=\"elementor-container elementor-column-gap-no\">\n\t\t\t\t\t<div class=\"elementor-column elementor-col-100 elementor-top-column elementor-element elementor-element-b3aefd0\" data-id=\"b3aefd0\" data-element_type=\"column\" data-e-type=\"column\">\n\t\t\t<div class=\"elementor-widget-wrap elementor-element-populated\">\n\t\t\t\t\t\t<div class=\"elementor-element elementor-element-dc143b7 elementor-widget elementor-widget-heading\" data-id=\"dc143b7\" data-element_type=\"widget\" data-e-type=\"widget\" data-widget_type=\"heading.default\">\n\t\t\t\t<div class=\"elementor-widget-container\">\n\t\t\t\t\t<h2 class=\"elementor-heading-title elementor-size-default\">DESDE 1976 GENERANDO DESARROLLO<\/h2>\t\t\t\t<\/div>\n\t\t\t\t<\/div>\n\t\t\t\t\t<\/div>\n\t\t<\/div>\n\t\t\t\t\t<\/div>\n\t\t<\/section>\n\t\t\t\t<section class=\"elementor-section elementor-top-section elementor-element elementor-element-8274d8b elementor-section-full_width elementor-section-height-min-height elementor-section-content-middle elementor-section-height-default elementor-section-items-middle\" data-id=\"8274d8b\" data-element_type=\"section\" data-e-type=\"section\">\n\t\t\t\t\t\t<div class=\"elementor-container elementor-column-gap-no\">\n\t\t\t\t\t<div class=\"elementor-column elementor-col-100 elementor-top-column elementor-element elementor-element-6bd69b7\" data-id=\"6bd69b7\" data-element_type=\"column\" data-e-type=\"column\">\n\t\t\t<div class=\"elementor-widget-wrap elementor-element-populated\">\n\t\t\t\t\t\t<div class=\"elementor-element elementor-element-51c7dd4 elementor-widget__width-initial elementor-widget-mobile__width-initial elementor-widget elementor-widget-text-editor\" data-id=\"51c7dd4\" data-element_type=\"widget\" data-e-type=\"widget\" data-widget_type=\"text-editor.default\">\n\t\t\t\t<div class=\"elementor-widget-container\">\n\t\t\t\t\t\t\t\t\t<p>CFC Cafarcol (Cauchos Farmac\u00e9uticos de Colombia), inici\u00f3 su camino en 1976 con\u00a0 la creaci\u00f3n de tapones en caucho para inyectables, adem\u00e1s de discos, liner y peras para goteros.<\/p><p>Hoy, CFC Cafarcol se ha encaminado a ofrecer soluciones de empaques personalizadas en caucho, pl\u00e1stico, aluminio y vidrio para los sectores farmac\u00e9utico, alimenticio, cosm\u00e9tico e industrial, tanto en Colombia como en m\u00e1s de 16 pa\u00edses.<\/p><p>Somos m\u00e1s que proveedores; somos aliados estrat\u00e9gicos comprometidos con la calidad y cumplimiento normativo. Descubra c\u00f3mo nuestra experiencia global y nuestro personal altamente calificado pueden satisfacer sus necesidades de empaque.<\/p>\t\t\t\t\t\t\t\t<\/div>\n\t\t\t\t<\/div>\n\t\t\t\t<div class=\"elementor-element elementor-element-f38cedf elementor-widget elementor-widget-spacer\" data-id=\"f38cedf\" data-element_type=\"widget\" data-e-type=\"widget\" data-widget_type=\"spacer.default\">\n\t\t\t\t<div class=\"elementor-widget-container\">\n\t\t\t\t\t\t\t<div class=\"elementor-spacer\">\n\t\t\t<div class=\"elementor-spacer-inner\"><\/div>\n\t\t<\/div>\n\t\t\t\t\t\t<\/div>\n\t\t\t\t<\/div>\n\t\t\t\t<div class=\"elementor-element elementor-element-7560c6a elementor-widget__width-initial elementor-widget elementor-widget-image\" data-id=\"7560c6a\" data-element_type=\"widget\" data-e-type=\"widget\" data-widget_type=\"image.default\">\n\t\t\t\t<div class=\"elementor-widget-container\">\n\t\t\t\t\t\t\t\t\t\t\t\t\t\t\t<img fetchpriority=\"high\" decoding=\"async\" width=\"300\" height=\"300\" src=\"https:\/\/cafarcol.com.co\/wp-content\/uploads\/2024\/01\/17-300x300.png\" class=\"attachment-medium size-medium wp-image-2595\" alt=\"\" srcset=\"https:\/\/cafarcol.com.co\/wp-content\/uploads\/2024\/01\/17-300x300.png 300w, https:\/\/cafarcol.com.co\/wp-content\/uploads\/2024\/01\/17-100x100.png 100w, https:\/\/cafarcol.com.co\/wp-content\/uploads\/2024\/01\/17-600x600.png 600w, https:\/\/cafarcol.com.co\/wp-content\/uploads\/2024\/01\/17-1024x1024.png 1024w, https:\/\/cafarcol.com.co\/wp-content\/uploads\/2024\/01\/17-150x150.png 150w, https:\/\/cafarcol.com.co\/wp-content\/uploads\/2024\/01\/17-768x768.png 768w, https:\/\/cafarcol.com.co\/wp-content\/uploads\/2024\/01\/17.png 1080w\" sizes=\"(max-width: 300px) 100vw, 300px\" \/>\t\t\t\t\t\t\t\t\t\t\t\t\t\t\t<\/div>\n\t\t\t\t<\/div>\n\t\t\t\t<div class=\"elementor-element elementor-element-e1c942e elementor-widget__width-initial elementor-widget elementor-widget-image\" data-id=\"e1c942e\" data-element_type=\"widget\" data-e-type=\"widget\" data-widget_type=\"image.default\">\n\t\t\t\t<div class=\"elementor-widget-container\">\n\t\t\t\t\t\t\t\t\t\t\t\t\t\t\t<img decoding=\"async\" width=\"300\" height=\"300\" src=\"https:\/\/cafarcol.com.co\/wp-content\/uploads\/2024\/01\/16-300x300.png\" class=\"attachment-medium size-medium wp-image-2594\" alt=\"\" srcset=\"https:\/\/cafarcol.com.co\/wp-content\/uploads\/2024\/01\/16-300x300.png 300w, https:\/\/cafarcol.com.co\/wp-content\/uploads\/2024\/01\/16-100x100.png 100w, https:\/\/cafarcol.com.co\/wp-content\/uploads\/2024\/01\/16-600x600.png 600w, https:\/\/cafarcol.com.co\/wp-content\/uploads\/2024\/01\/16-1024x1024.png 1024w, https:\/\/cafarcol.com.co\/wp-content\/uploads\/2024\/01\/16-150x150.png 150w, https:\/\/cafarcol.com.co\/wp-content\/uploads\/2024\/01\/16-768x768.png 768w, https:\/\/cafarcol.com.co\/wp-content\/uploads\/2024\/01\/16.png 1080w\" sizes=\"(max-width: 300px) 100vw, 300px\" \/>\t\t\t\t\t\t\t\t\t\t\t\t\t\t\t<\/div>\n\t\t\t\t<\/div>\n\t\t\t\t<div class=\"elementor-element elementor-element-fec98a4 elementor-widget__width-initial elementor-widget elementor-widget-image\" data-id=\"fec98a4\" data-element_type=\"widget\" data-e-type=\"widget\" data-widget_type=\"image.default\">\n\t\t\t\t<div class=\"elementor-widget-container\">\n\t\t\t\t\t\t\t\t\t\t\t\t\t\t\t<img decoding=\"async\" width=\"300\" height=\"300\" src=\"https:\/\/cafarcol.com.co\/wp-content\/uploads\/2024\/01\/18-300x300.png\" class=\"attachment-medium size-medium wp-image-2596\" alt=\"\" srcset=\"https:\/\/cafarcol.com.co\/wp-content\/uploads\/2024\/01\/18-300x300.png 300w, https:\/\/cafarcol.com.co\/wp-content\/uploads\/2024\/01\/18-100x100.png 100w, https:\/\/cafarcol.com.co\/wp-content\/uploads\/2024\/01\/18-600x600.png 600w, https:\/\/cafarcol.com.co\/wp-content\/uploads\/2024\/01\/18-1024x1024.png 1024w, https:\/\/cafarcol.com.co\/wp-content\/uploads\/2024\/01\/18-150x150.png 150w, https:\/\/cafarcol.com.co\/wp-content\/uploads\/2024\/01\/18-768x768.png 768w, https:\/\/cafarcol.com.co\/wp-content\/uploads\/2024\/01\/18.png 1080w\" sizes=\"(max-width: 300px) 100vw, 300px\" \/>\t\t\t\t\t\t\t\t\t\t\t\t\t\t\t<\/div>\n\t\t\t\t<\/div>\n\t\t\t\t\t<\/div>\n\t\t<\/div>\n\t\t\t\t\t<\/div>\n\t\t<\/section>\n\t\t\t\t<section class=\"elementor-section elementor-top-section elementor-element elementor-element-35705e7 elementor-section-full_width elementor-section-height-min-height elementor-section-height-default elementor-section-items-middle\" data-id=\"35705e7\" data-element_type=\"section\" data-e-type=\"section\">\n\t\t\t\t\t\t<div class=\"elementor-container elementor-column-gap-no\">\n\t\t\t\t\t<div class=\"elementor-column elementor-col-100 elementor-top-column elementor-element elementor-element-9a90766\" data-id=\"9a90766\" data-element_type=\"column\" data-e-type=\"column\">\n\t\t\t<div class=\"elementor-widget-wrap elementor-element-populated\">\n\t\t\t\t\t\t<div class=\"elementor-element elementor-element-7b7c882 animated-slow elementor-invisible elementor-widget elementor-widget-heading\" data-id=\"7b7c882\" data-element_type=\"widget\" data-e-type=\"widget\" data-settings=\"{&quot;_animation&quot;:&quot;fadeInRight&quot;,&quot;_animation_delay&quot;:15}\" data-widget_type=\"heading.default\">\n\t\t\t\t<div class=\"elementor-widget-container\">\n\t\t\t\t\t<h2 class=\"elementor-heading-title elementor-size-default\">Creemos en la construcci\u00f3n del pa\u00eds<\/h2>\t\t\t\t<\/div>\n\t\t\t\t<\/div>\n\t\t\t\t<section class=\"elementor-section elementor-inner-section elementor-element elementor-element-7454f31 elementor-section-full_width elementor-section-height-min-height elementor-section-height-default\" data-id=\"7454f31\" data-element_type=\"section\" data-e-type=\"section\">\n\t\t\t\t\t\t<div class=\"elementor-container elementor-column-gap-no\">\n\t\t\t\t\t<div class=\"elementor-column elementor-col-50 elementor-inner-column elementor-element elementor-element-7881fdc\" data-id=\"7881fdc\" data-element_type=\"column\" data-e-type=\"column\">\n\t\t\t<div class=\"elementor-widget-wrap elementor-element-populated\">\n\t\t\t\t\t\t<div class=\"elementor-element elementor-element-3b97987 animated-slow elementor-widget-mobile__width-initial elementor-invisible elementor-widget elementor-widget-heading\" data-id=\"3b97987\" data-element_type=\"widget\" data-e-type=\"widget\" data-settings=\"{&quot;_animation&quot;:&quot;fadeIn&quot;,&quot;_animation_delay&quot;:5}\" data-widget_type=\"heading.default\">\n\t\t\t\t<div class=\"elementor-widget-container\">\n\t\t\t\t\t<h2 class=\"elementor-heading-title elementor-size-default\">Creando impacto<\/h2>\t\t\t\t<\/div>\n\t\t\t\t<\/div>\n\t\t\t\t<div class=\"elementor-element elementor-element-93050eb elementor-widget__width-initial animated-slow elementor-widget-tablet__width-initial elementor-widget-mobile__width-initial elementor-invisible elementor-widget elementor-widget-text-editor\" data-id=\"93050eb\" data-element_type=\"widget\" data-e-type=\"widget\" data-settings=\"{&quot;_animation&quot;:&quot;fadeIn&quot;,&quot;_animation_delay&quot;:5}\" data-widget_type=\"text-editor.default\">\n\t\t\t\t<div class=\"elementor-widget-container\">\n\t\t\t\t\t\t\t\t\t<p>Estamos comprometidos a seguir siendo un motor de empleo y crecimiento, creando un impacto positivo que trasciende nuestras instalaciones y llega a cada rinc\u00f3n de nuestra naci\u00f3n.<\/p><p>Somos un motor de empleo y crecimiento sostenible que marc\u00f3\u00a0 diferencia durante la pandemia del Covid-19. Nos enorgullece ser parte del 38% de las empresas que aumentaron su plantilla de trabajadores en estos tiempos desafiantes. Contribuyendo al progreso nacional, construyendo un pa\u00eds m\u00e1s fuerte y prometedor para todos.<\/p>\t\t\t\t\t\t\t\t<\/div>\n\t\t\t\t<\/div>\n\t\t\t\t\t<\/div>\n\t\t<\/div>\n\t\t\t\t<div class=\"elementor-column elementor-col-50 elementor-inner-column elementor-element elementor-element-f19e42f\" data-id=\"f19e42f\" data-element_type=\"column\" data-e-type=\"column\">\n\t\t\t<div class=\"elementor-widget-wrap elementor-element-populated\">\n\t\t\t\t\t\t<div class=\"elementor-element elementor-element-f4f041f animated-slow elementor-widget__width-initial elementor-widget-tablet__width-initial elementor-widget-mobile__width-initial elementor-invisible elementor-widget elementor-widget-image\" data-id=\"f4f041f\" data-element_type=\"widget\" data-e-type=\"widget\" data-settings=\"{&quot;_animation&quot;:&quot;fadeIn&quot;,&quot;_animation_delay&quot;:5}\" data-widget_type=\"image.default\">\n\t\t\t\t<div class=\"elementor-widget-container\">\n\t\t\t\t\t\t\t\t\t\t\t\t\t\t\t<img loading=\"lazy\" decoding=\"async\" width=\"1920\" height=\"1080\" src=\"https:\/\/cafarcol.com.co\/wp-content\/uploads\/2023\/10\/Lorem-ipsum-dolor-sit-amet-consectetur-adipiscing-elit-sed-do-eiusmod-tempor-incididunt.-14.png\" class=\"attachment-full size-full wp-image-1483\" alt=\"\" srcset=\"https:\/\/cafarcol.com.co\/wp-content\/uploads\/2023\/10\/Lorem-ipsum-dolor-sit-amet-consectetur-adipiscing-elit-sed-do-eiusmod-tempor-incididunt.-14.png 1920w, https:\/\/cafarcol.com.co\/wp-content\/uploads\/2023\/10\/Lorem-ipsum-dolor-sit-amet-consectetur-adipiscing-elit-sed-do-eiusmod-tempor-incididunt.-14-300x169.png 300w, https:\/\/cafarcol.com.co\/wp-content\/uploads\/2023\/10\/Lorem-ipsum-dolor-sit-amet-consectetur-adipiscing-elit-sed-do-eiusmod-tempor-incididunt.-14-1024x576.png 1024w, https:\/\/cafarcol.com.co\/wp-content\/uploads\/2023\/10\/Lorem-ipsum-dolor-sit-amet-consectetur-adipiscing-elit-sed-do-eiusmod-tempor-incididunt.-14-768x432.png 768w, https:\/\/cafarcol.com.co\/wp-content\/uploads\/2023\/10\/Lorem-ipsum-dolor-sit-amet-consectetur-adipiscing-elit-sed-do-eiusmod-tempor-incididunt.-14-1536x864.png 1536w, https:\/\/cafarcol.com.co\/wp-content\/uploads\/2023\/10\/Lorem-ipsum-dolor-sit-amet-consectetur-adipiscing-elit-sed-do-eiusmod-tempor-incididunt.-14-600x338.png 600w\" sizes=\"(max-width: 1920px) 100vw, 1920px\" \/>\t\t\t\t\t\t\t\t\t\t\t\t\t\t\t<\/div>\n\t\t\t\t<\/div>\n\t\t\t\t\t<\/div>\n\t\t<\/div>\n\t\t\t\t\t<\/div>\n\t\t<\/section>\n\t\t\t\t\t<\/div>\n\t\t<\/div>\n\t\t\t\t\t<\/div>\n\t\t<\/section>\n\t\t\t\t<section class=\"elementor-section elementor-top-section elementor-element elementor-element-69db79c elementor-section-full_width elementor-section-height-min-height elementor-section-height-default elementor-section-items-middle\" data-id=\"69db79c\" data-element_type=\"section\" data-e-type=\"section\">\n\t\t\t\t\t\t<div class=\"elementor-container elementor-column-gap-no\">\n\t\t\t\t\t<div class=\"elementor-column elementor-col-100 elementor-top-column elementor-element elementor-element-483503e\" data-id=\"483503e\" data-element_type=\"column\" data-e-type=\"column\">\n\t\t\t<div class=\"elementor-widget-wrap elementor-element-populated\">\n\t\t\t\t\t\t<div class=\"elementor-element elementor-element-d3d4a7e animated-slow elementor-invisible elementor-widget elementor-widget-heading\" data-id=\"d3d4a7e\" data-element_type=\"widget\" data-e-type=\"widget\" data-settings=\"{&quot;_animation&quot;:&quot;fadeInLeft&quot;,&quot;_animation_delay&quot;:20}\" data-widget_type=\"heading.default\">\n\t\t\t\t<div class=\"elementor-widget-container\">\n\t\t\t\t\t<h2 class=\"elementor-heading-title elementor-size-default\">Nuestro compromiso es Transformar Vidas<\/h2>\t\t\t\t<\/div>\n\t\t\t\t<\/div>\n\t\t\t\t<section class=\"elementor-section elementor-inner-section elementor-element elementor-element-449e1db elementor-section-full_width elementor-section-height-min-height elementor-section-height-default\" data-id=\"449e1db\" data-element_type=\"section\" data-e-type=\"section\">\n\t\t\t\t\t\t<div class=\"elementor-container elementor-column-gap-no\">\n\t\t\t\t\t<div class=\"elementor-column elementor-col-50 elementor-inner-column elementor-element elementor-element-ca16f0b\" data-id=\"ca16f0b\" data-element_type=\"column\" data-e-type=\"column\">\n\t\t\t<div class=\"elementor-widget-wrap elementor-element-populated\">\n\t\t\t\t\t\t<div class=\"elementor-element elementor-element-e7f84d0 animated-slow elementor-invisible elementor-widget elementor-widget-image\" data-id=\"e7f84d0\" data-element_type=\"widget\" data-e-type=\"widget\" data-settings=\"{&quot;_animation&quot;:&quot;fadeIn&quot;,&quot;_animation_delay&quot;:5}\" data-widget_type=\"image.default\">\n\t\t\t\t<div class=\"elementor-widget-container\">\n\t\t\t\t\t\t\t\t\t\t\t\t\t\t\t<img loading=\"lazy\" decoding=\"async\" width=\"2048\" height=\"1536\" src=\"https:\/\/cafarcol.com.co\/wp-content\/uploads\/2023\/10\/IMG_5336.jpeg\" class=\"attachment-full size-full wp-image-213\" alt=\"\" srcset=\"https:\/\/cafarcol.com.co\/wp-content\/uploads\/2023\/10\/IMG_5336.jpeg 2048w, https:\/\/cafarcol.com.co\/wp-content\/uploads\/2023\/10\/IMG_5336-300x225.jpeg 300w, https:\/\/cafarcol.com.co\/wp-content\/uploads\/2023\/10\/IMG_5336-1024x768.jpeg 1024w, https:\/\/cafarcol.com.co\/wp-content\/uploads\/2023\/10\/IMG_5336-768x576.jpeg 768w, https:\/\/cafarcol.com.co\/wp-content\/uploads\/2023\/10\/IMG_5336-1536x1152.jpeg 1536w\" sizes=\"(max-width: 2048px) 100vw, 2048px\" \/>\t\t\t\t\t\t\t\t\t\t\t\t\t\t\t<\/div>\n\t\t\t\t<\/div>\n\t\t\t\t\t<\/div>\n\t\t<\/div>\n\t\t\t\t<div class=\"elementor-column elementor-col-50 elementor-inner-column elementor-element elementor-element-ca821e3\" data-id=\"ca821e3\" data-element_type=\"column\" data-e-type=\"column\">\n\t\t\t<div class=\"elementor-widget-wrap elementor-element-populated\">\n\t\t\t\t\t\t<div class=\"elementor-element elementor-element-7b3c5de animated-slow elementor-invisible elementor-widget elementor-widget-heading\" data-id=\"7b3c5de\" data-element_type=\"widget\" data-e-type=\"widget\" data-settings=\"{&quot;_animation&quot;:&quot;fadeIn&quot;,&quot;_animation_delay&quot;:5}\" data-widget_type=\"heading.default\">\n\t\t\t\t<div class=\"elementor-widget-container\">\n\t\t\t\t\t<h2 class=\"elementor-heading-title elementor-size-default\">Comprometidos en construir un equipo diverso<\/h2>\t\t\t\t<\/div>\n\t\t\t\t<\/div>\n\t\t\t\t<div class=\"elementor-element elementor-element-a8e57e3 elementor-widget__width-initial animated-slow elementor-widget-tablet__width-initial elementor-widget-mobile__width-initial elementor-invisible elementor-widget elementor-widget-text-editor\" data-id=\"a8e57e3\" data-element_type=\"widget\" data-e-type=\"widget\" data-settings=\"{&quot;_animation&quot;:&quot;fadeIn&quot;,&quot;_animation_delay&quot;:5}\" data-widget_type=\"text-editor.default\">\n\t\t\t\t<div class=\"elementor-widget-container\">\n\t\t\t\t\t\t\t\t\t<p>En CFC Cafarcol, reconocemos y valoramos la riqueza de talento que traen las mujeres al mundo industrial, al igual que a j\u00f3venes profesionales de diversas trayectorias. Desde nuestros inicios, hemos priorizado un ambiente inclusivo y respetuoso, donde todas las personas, sin importar su g\u00e9nero ni edad, tienen la oportunidad de crecer y destacar en sus roles.<\/p><p>Promovemos la igualdad de oportunidades, brindando la posibilidad de desempe\u00f1ar roles clave en nuestra producci\u00f3n, toma de decisiones y liderazgo. Creemos firmemente que la diversidad de perspectivas y experiencias es fundamental para impulsar la innovaci\u00f3n y el crecimiento sostenible de nuestra empresa.<\/p><p>Estamos comprometidos en nutrir un equipo diverso que refleje la riqueza de habilidades y conocimientos de nuestra fuerza laboral.<\/p>\t\t\t\t\t\t\t\t<\/div>\n\t\t\t\t<\/div>\n\t\t\t\t\t<\/div>\n\t\t<\/div>\n\t\t\t\t\t<\/div>\n\t\t<\/section>\n\t\t\t\t\t<\/div>\n\t\t<\/div>\n\t\t\t\t\t<\/div>\n\t\t<\/section>\n\t\t\t\t<section class=\"elementor-section elementor-top-section elementor-element elementor-element-73c998a elementor-section-boxed elementor-section-height-default elementor-section-height-default\" data-id=\"73c998a\" data-element_type=\"section\" data-e-type=\"section\">\n\t\t\t\t\t\t<div class=\"elementor-container elementor-column-gap-default\">\n\t\t\t\t\t<div class=\"elementor-column elementor-col-100 elementor-top-column elementor-element elementor-element-0c4201d\" data-id=\"0c4201d\" data-element_type=\"column\" data-e-type=\"column\">\n\t\t\t<div class=\"elementor-widget-wrap elementor-element-populated\">\n\t\t\t\t\t\t<div class=\"elementor-element elementor-element-ed65181 elementor-widget elementor-widget-spacer\" data-id=\"ed65181\" data-element_type=\"widget\" data-e-type=\"widget\" data-widget_type=\"spacer.default\">\n\t\t\t\t<div class=\"elementor-widget-container\">\n\t\t\t\t\t\t\t<div class=\"elementor-spacer\">\n\t\t\t<div class=\"elementor-spacer-inner\"><\/div>\n\t\t<\/div>\n\t\t\t\t\t\t<\/div>\n\t\t\t\t<\/div>\n\t\t\t\t\t<\/div>\n\t\t<\/div>\n\t\t\t\t\t<\/div>\n\t\t<\/section>\n\t\t\t\t<\/div>\n\t\t","protected":false},"excerpt":{"rendered":"<p>DESDE 1976 GENERANDO DESARROLLO CFC Cafarcol (Cauchos Farmac\u00e9uticos de Colombia), inici\u00f3 su camino en 1976 con\u00a0 la creaci\u00f3n de tapones en caucho para inyectables, adem\u00e1s de discos, liner y peras para goteros. Hoy, CFC Cafarcol se ha encaminado a ofrecer soluciones de empaques personalizadas en caucho, pl\u00e1stico, aluminio y vidrio para los sectores farmac\u00e9utico, alimenticio, [&hellip;]<\/p>\n","protected":false},"author":1,"featured_media":0,"parent":0,"menu_order":0,"comment_status":"closed","ping_status":"closed","template":"","meta":{"footnotes":""},"class_list":["post-16","page","type-page","status-publish","hentry"],"aioseo_notices":[],"_links":{"self":[{"href":"https:\/\/cafarcol.com.co\/es_co\/wp-json\/wp\/v2\/pages\/16","targetHints":{"allow":["GET"]}}],"collection":[{"href":"https:\/\/cafarcol.com.co\/es_co\/wp-json\/wp\/v2\/pages"}],"about":[{"href":"https:\/\/cafarcol.com.co\/es_co\/wp-json\/wp\/v2\/types\/page"}],"author":[{"embeddable":true,"href":"https:\/\/cafarcol.com.co\/es_co\/wp-json\/wp\/v2\/users\/1"}],"replies":[{"embeddable":true,"href":"https:\/\/cafarcol.com.co\/es_co\/wp-json\/wp\/v2\/comments?post=16"}],"version-history":[{"count":301,"href":"https:\/\/cafarcol.com.co\/es_co\/wp-json\/wp\/v2\/pages\/16\/revisions"}],"predecessor-version":[{"id":5033,"href":"https:\/\/cafarcol.com.co\/es_co\/wp-json\/wp\/v2\/pages\/16\/revisions\/5033"}],"wp:attachment":[{"href":"https:\/\/cafarcol.com.co\/es_co\/wp-json\/wp\/v2\/media?parent=16"}],"curies":[{"name":"wp","href":"https:\/\/api.w.org\/{rel}","templated":true}]}}